{"id":5676,"date":"2025-03-06T14:25:44","date_gmt":"2025-03-06T14:25:44","guid":{"rendered":"https:\/\/tourberat.com\/?page_id=5676"},"modified":"2026-02-23T21:32:43","modified_gmt":"2026-02-23T21:32:43","slug":"visitas-guiadas-espanol-berat","status":"publish","type":"page","link":"https:\/\/tourberat.com\/es\/visitas-guiadas-espanol-berat\/","title":{"rendered":"Sobre Nosotros"},"content":{"rendered":"","protected":false},"excerpt":{"rendered":"","protected":false},"author":1,"featured_media":5531,"parent":0,"menu_order":0,"comment_status":"closed","ping_status":"closed","template":"","meta":{"footnotes":""},"class_list":["post-5676","page","type-page","status-publish","has-post-thumbnail","hentry"],"yoast_head":"<!-- This site is optimized with the Yoast SEO plugin v27.5 - https:\/\/yoast.com\/product\/yoast-seo-wordpress\/ -->\n<title>Visitas guiadas en espa\u00f1ol en Berat | Gu\u00edas locales expertos<\/title>\n<meta name=\"description\" content=\"Reserva tus visitas guiadas en espa\u00f1ol en Berat con gu\u00edas locales expertos. Descubre historia, cultura y patrimonio con profesionales.\" \/>\n<meta name=\"robots\" content=\"index, follow, max-snippet:-1, max-image-preview:large, max-video-preview:-1\" \/>\n<link rel=\"canonical\" href=\"https:\/\/tourberat.com\/es\/visitas-guiadas-espanol-berat\/\" \/>\n<meta property=\"og:locale\" content=\"es_ES\" \/>\n<meta property=\"og:type\" content=\"article\" \/>\n<meta property=\"og:title\" content=\"Visitas guiadas en espa\u00f1ol en Berat | Gu\u00edas locales expertos\" \/>\n<meta property=\"og:description\" content=\"Reserva tus visitas guiadas en espa\u00f1ol en Berat con gu\u00edas locales expertos. Descubre historia, cultura y patrimonio con profesionales.\" \/>\n<meta property=\"og:url\" content=\"https:\/\/tourberat.com\/es\/visitas-guiadas-espanol-berat\/\" \/>\n<meta property=\"og:site_name\" content=\"Tour Berat en Espanol\" \/>\n<meta property=\"article:modified_time\" content=\"2026-02-23T21:32:43+00:00\" \/>\n<meta property=\"og:image\" content=\"https:\/\/i0.wp.com\/tourberat.com\/wp-content\/uploads\/2024\/11\/El-punto-panoramico-.jpg?fit=800%2C602&ssl=1\" \/>\n\t<meta property=\"og:image:width\" content=\"800\" \/>\n\t<meta property=\"og:image:height\" content=\"602\" \/>\n\t<meta property=\"og:image:type\" content=\"image\/jpeg\" \/>\n<meta name=\"twitter:card\" content=\"summary_large_image\" \/>\n<meta name=\"twitter:label1\" content=\"Tiempo de lectura\" \/>\n\t<meta name=\"twitter:data1\" content=\"3 minutos\" \/>\n<script type=\"application\/ld+json\" class=\"yoast-schema-graph\">{\"@context\":\"https:\\\/\\\/schema.org\",\"@graph\":[{\"@type\":\"WebPage\",\"@id\":\"https:\\\/\\\/tourberat.com\\\/es\\\/visitas-guiadas-espanol-berat\\\/\",\"url\":\"https:\\\/\\\/tourberat.com\\\/es\\\/visitas-guiadas-espanol-berat\\\/\",\"name\":\"Visitas guiadas en espa\u00f1ol en Berat | Gu\u00edas locales expertos\",\"isPartOf\":{\"@id\":\"https:\\\/\\\/tourberat.com\\\/es\\\/#website\"},\"primaryImageOfPage\":{\"@id\":\"https:\\\/\\\/tourberat.com\\\/es\\\/visitas-guiadas-espanol-berat\\\/#primaryimage\"},\"image\":{\"@id\":\"https:\\\/\\\/tourberat.com\\\/es\\\/visitas-guiadas-espanol-berat\\\/#primaryimage\"},\"thumbnailUrl\":\"https:\\\/\\\/i0.wp.com\\\/tourberat.com\\\/wp-content\\\/uploads\\\/2024\\\/11\\\/El-punto-panoramico-.jpg?fit=800%2C602&ssl=1\",\"datePublished\":\"2025-03-06T14:25:44+00:00\",\"dateModified\":\"2026-02-23T21:32:43+00:00\",\"description\":\"Reserva tus visitas guiadas en espa\u00f1ol en Berat con gu\u00edas locales expertos. Descubre historia, cultura y patrimonio con profesionales.\",\"breadcrumb\":{\"@id\":\"https:\\\/\\\/tourberat.com\\\/es\\\/visitas-guiadas-espanol-berat\\\/#breadcrumb\"},\"inLanguage\":\"es\",\"potentialAction\":[{\"@type\":\"ReadAction\",\"target\":[\"https:\\\/\\\/tourberat.com\\\/es\\\/visitas-guiadas-espanol-berat\\\/\"]}]},{\"@type\":\"ImageObject\",\"inLanguage\":\"es\",\"@id\":\"https:\\\/\\\/tourberat.com\\\/es\\\/visitas-guiadas-espanol-berat\\\/#primaryimage\",\"url\":\"https:\\\/\\\/i0.wp.com\\\/tourberat.com\\\/wp-content\\\/uploads\\\/2024\\\/11\\\/El-punto-panoramico-.jpg?fit=800%2C602&ssl=1\",\"contentUrl\":\"https:\\\/\\\/i0.wp.com\\\/tourberat.com\\\/wp-content\\\/uploads\\\/2024\\\/11\\\/El-punto-panoramico-.jpg?fit=800%2C602&ssl=1\",\"width\":800,\"height\":602,\"caption\":\"El Punto Panoramico del castillo\"},{\"@type\":\"BreadcrumbList\",\"@id\":\"https:\\\/\\\/tourberat.com\\\/es\\\/visitas-guiadas-espanol-berat\\\/#breadcrumb\",\"itemListElement\":[{\"@type\":\"ListItem\",\"position\":1,\"name\":\"Home\",\"item\":\"https:\\\/\\\/tourberat.com\\\/es\\\/\"},{\"@type\":\"ListItem\",\"position\":2,\"name\":\"Sobre Nosotros\"}]},{\"@type\":\"WebSite\",\"@id\":\"https:\\\/\\\/tourberat.com\\\/es\\\/#website\",\"url\":\"https:\\\/\\\/tourberat.com\\\/es\\\/\",\"name\":\"Tour Berat en Espanol\",\"description\":\"Tour Berat es una empresa local en Berat especializada en ofrecer visitas guiadas en espa\u00f1ol, brindando experiencias aut\u00e9nticas y personalizadas para descubrir la historia, la cultura y las tradiciones de la ciudad de manera cercana y profesional.\",\"potentialAction\":[{\"@type\":\"SearchAction\",\"target\":{\"@type\":\"EntryPoint\",\"urlTemplate\":\"https:\\\/\\\/tourberat.com\\\/es\\\/?s={search_term_string}\"},\"query-input\":{\"@type\":\"PropertyValueSpecification\",\"valueRequired\":true,\"valueName\":\"search_term_string\"}}],\"inLanguage\":\"es\"}]}<\/script>\n<!-- \/ Yoast SEO plugin. -->","yoast_head_json":{"title":"Visitas guiadas en espa\u00f1ol en Berat | Gu\u00edas locales expertos","description":"Reserva tus visitas guiadas en espa\u00f1ol en Berat con gu\u00edas locales expertos. Descubre historia, cultura y patrimonio con profesionales.","robots":{"index":"index","follow":"follow","max-snippet":"max-snippet:-1","max-image-preview":"max-image-preview:large","max-video-preview":"max-video-preview:-1"},"canonical":"https:\/\/tourberat.com\/es\/visitas-guiadas-espanol-berat\/","og_locale":"es_ES","og_type":"article","og_title":"Visitas guiadas en espa\u00f1ol en Berat | Gu\u00edas locales expertos","og_description":"Reserva tus visitas guiadas en espa\u00f1ol en Berat con gu\u00edas locales expertos. Descubre historia, cultura y patrimonio con profesionales.","og_url":"https:\/\/tourberat.com\/es\/visitas-guiadas-espanol-berat\/","og_site_name":"Tour Berat en Espanol","article_modified_time":"2026-02-23T21:32:43+00:00","og_image":[{"width":800,"height":602,"url":"https:\/\/i0.wp.com\/tourberat.com\/wp-content\/uploads\/2024\/11\/El-punto-panoramico-.jpg?fit=800%2C602&ssl=1","type":"image\/jpeg"}],"twitter_card":"summary_large_image","twitter_misc":{"Tiempo de lectura":"3 minutos"},"schema":{"@context":"https:\/\/schema.org","@graph":[{"@type":"WebPage","@id":"https:\/\/tourberat.com\/es\/visitas-guiadas-espanol-berat\/","url":"https:\/\/tourberat.com\/es\/visitas-guiadas-espanol-berat\/","name":"Visitas guiadas en espa\u00f1ol en Berat | Gu\u00edas locales expertos","isPartOf":{"@id":"https:\/\/tourberat.com\/es\/#website"},"primaryImageOfPage":{"@id":"https:\/\/tourberat.com\/es\/visitas-guiadas-espanol-berat\/#primaryimage"},"image":{"@id":"https:\/\/tourberat.com\/es\/visitas-guiadas-espanol-berat\/#primaryimage"},"thumbnailUrl":"https:\/\/i0.wp.com\/tourberat.com\/wp-content\/uploads\/2024\/11\/El-punto-panoramico-.jpg?fit=800%2C602&ssl=1","datePublished":"2025-03-06T14:25:44+00:00","dateModified":"2026-02-23T21:32:43+00:00","description":"Reserva tus visitas guiadas en espa\u00f1ol en Berat con gu\u00edas locales expertos. Descubre historia, cultura y patrimonio con profesionales.","breadcrumb":{"@id":"https:\/\/tourberat.com\/es\/visitas-guiadas-espanol-berat\/#breadcrumb"},"inLanguage":"es","potentialAction":[{"@type":"ReadAction","target":["https:\/\/tourberat.com\/es\/visitas-guiadas-espanol-berat\/"]}]},{"@type":"ImageObject","inLanguage":"es","@id":"https:\/\/tourberat.com\/es\/visitas-guiadas-espanol-berat\/#primaryimage","url":"https:\/\/i0.wp.com\/tourberat.com\/wp-content\/uploads\/2024\/11\/El-punto-panoramico-.jpg?fit=800%2C602&ssl=1","contentUrl":"https:\/\/i0.wp.com\/tourberat.com\/wp-content\/uploads\/2024\/11\/El-punto-panoramico-.jpg?fit=800%2C602&ssl=1","width":800,"height":602,"caption":"El Punto Panoramico del castillo"},{"@type":"BreadcrumbList","@id":"https:\/\/tourberat.com\/es\/visitas-guiadas-espanol-berat\/#breadcrumb","itemListElement":[{"@type":"ListItem","position":1,"name":"Home","item":"https:\/\/tourberat.com\/es\/"},{"@type":"ListItem","position":2,"name":"Sobre Nosotros"}]},{"@type":"WebSite","@id":"https:\/\/tourberat.com\/es\/#website","url":"https:\/\/tourberat.com\/es\/","name":"Tour Berat en Espanol","description":"Tour Berat es una empresa local en Berat especializada en ofrecer visitas guiadas en espa\u00f1ol, brindando experiencias aut\u00e9nticas y personalizadas para descubrir la historia, la cultura y las tradiciones de la ciudad de manera cercana y profesional.","potentialAction":[{"@type":"SearchAction","target":{"@type":"EntryPoint","urlTemplate":"https:\/\/tourberat.com\/es\/?s={search_term_string}"},"query-input":{"@type":"PropertyValueSpecification","valueRequired":true,"valueName":"search_term_string"}}],"inLanguage":"es"}]}},"jetpack_sharing_enabled":true,"_links":{"self":[{"href":"https:\/\/tourberat.com\/es\/wp-json\/wp\/v2\/pages\/5676","targetHints":{"allow":["GET"]}}],"collection":[{"href":"https:\/\/tourberat.com\/es\/wp-json\/wp\/v2\/pages"}],"about":[{"href":"https:\/\/tourberat.com\/es\/wp-json\/wp\/v2\/types\/page"}],"author":[{"embeddable":true,"href":"https:\/\/tourberat.com\/es\/wp-json\/wp\/v2\/users\/1"}],"replies":[{"embeddable":true,"href":"https:\/\/tourberat.com\/es\/wp-json\/wp\/v2\/comments?post=5676"}],"version-history":[{"count":4,"href":"https:\/\/tourberat.com\/es\/wp-json\/wp\/v2\/pages\/5676\/revisions"}],"predecessor-version":[{"id":5857,"href":"https:\/\/tourberat.com\/es\/wp-json\/wp\/v2\/pages\/5676\/revisions\/5857"}],"wp:featuredmedia":[{"embeddable":true,"href":"https:\/\/tourberat.com\/es\/wp-json\/wp\/v2\/media\/5531"}],"wp:attachment":[{"href":"https:\/\/tourberat.com\/es\/wp-json\/wp\/v2\/media?parent=5676"}],"curies":[{"name":"wp","href":"https:\/\/api.w.org\/{rel}","templated":true}]}}