{"id":4706,"date":"2017-01-15T11:17:52","date_gmt":"2017-01-15T11:17:52","guid":{"rendered":"http:\/\/demo.goodlayers.com\/traveltour\/?page_id=4706"},"modified":"2026-03-08T13:09:57","modified_gmt":"2026-03-08T13:09:57","slug":"tours-berat","status":"publish","type":"page","link":"https:\/\/tourberat.com\/es\/tours-berat\/","title":{"rendered":"Recorridos"},"content":{"rendered":"\n<p class=\"\"><\/p>\n\n\n\n<div class=\"nfd-container nfd-p-md  nfd-wb-testimonials__testimonials-4 is-style-nfd-theme-white wp-block-group\"><div class=\"wp-block-group__inner-container is-layout-constrained wp-block-group-is-layout-constrained\">\n<div class=\"nfd-text-pretty nfd-max-w-prose nfd-text-lg wp-block-group is-vertical is-content-justification-stretch is-layout-flex wp-container-core-group-is-layout-b16ad781 wp-block-group-is-layout-flex\">\n<p class=\"has-text-align-left\" style=\"font-style:normal;font-weight:400\">\u00a1Vive Berat de manera aut\u00e9ntica! Nuestros tours te llevan por la ciudad hist\u00f3rica, los barrios tradicionales y el castillo, todo acompa\u00f1ado de un gu\u00eda local experto. Reserva tu experiencia hoy!<\/p>\n<\/div>\n<\/div><\/div>\n","protected":false},"excerpt":{"rendered":"<p>\u00a1Vive Berat de manera aut\u00e9ntica! Nuestros tours te llevan por la ciudad hist\u00f3rica, los barrios tradicionales y el castillo, todo acompa\u00f1ado de un gu\u00eda local experto. Reserva tu experiencia hoy!<\/p>\n","protected":false},"author":1,"featured_media":0,"parent":0,"menu_order":0,"comment_status":"closed","ping_status":"closed","template":"","meta":{"footnotes":""},"class_list":["post-4706","page","type-page","status-publish","hentry"],"yoast_head":"<!-- This site is optimized with the Yoast SEO plugin v27.5 - https:\/\/yoast.com\/product\/yoast-seo-wordpress\/ -->\n<title>Tours en Berat \u2013 Vive la ciudad con gu\u00eda local<\/title>\n<meta name=\"description\" content=\"\u00danete a nuestros tours en Berat y vive visitas guiadas \u00fanicas. Explora historia, barrios tradicionales y el castillo con gu\u00eda local experto\" \/>\n<meta name=\"robots\" content=\"index, follow, max-snippet:-1, max-image-preview:large, max-video-preview:-1\" \/>\n<link rel=\"canonical\" href=\"https:\/\/tourberat.com\/es\/tours-berat\/\" \/>\n<meta property=\"og:locale\" content=\"es_ES\" \/>\n<meta property=\"og:type\" content=\"article\" \/>\n<meta property=\"og:title\" content=\"Tours en Berat \u2013 Vive la ciudad con gu\u00eda local\" \/>\n<meta property=\"og:description\" content=\"\u00danete a nuestros tours en Berat y vive visitas guiadas \u00fanicas. Explora historia, barrios tradicionales y el castillo con gu\u00eda local experto\" \/>\n<meta property=\"og:url\" content=\"https:\/\/tourberat.com\/es\/tours-berat\/\" \/>\n<meta property=\"og:site_name\" content=\"Tour Berat en Espanol\" \/>\n<meta property=\"article:modified_time\" content=\"2026-03-08T13:09:57+00:00\" \/>\n<meta name=\"twitter:card\" content=\"summary_large_image\" \/>\n<meta name=\"twitter:label1\" content=\"Tiempo de lectura\" \/>\n\t<meta name=\"twitter:data1\" content=\"2 minutos\" \/>\n<script type=\"application\/ld+json\" class=\"yoast-schema-graph\">{\"@context\":\"https:\\\/\\\/schema.org\",\"@graph\":[{\"@type\":\"WebPage\",\"@id\":\"https:\\\/\\\/tourberat.com\\\/es\\\/tours-berat\\\/\",\"url\":\"https:\\\/\\\/tourberat.com\\\/es\\\/tours-berat\\\/\",\"name\":\"Tours en Berat \u2013 Vive la ciudad con gu\u00eda local\",\"isPartOf\":{\"@id\":\"https:\\\/\\\/tourberat.com\\\/es\\\/#website\"},\"datePublished\":\"2017-01-15T11:17:52+00:00\",\"dateModified\":\"2026-03-08T13:09:57+00:00\",\"description\":\"\u00danete a nuestros tours en Berat y vive visitas guiadas \u00fanicas. Explora historia, barrios tradicionales y el castillo con gu\u00eda local experto\",\"breadcrumb\":{\"@id\":\"https:\\\/\\\/tourberat.com\\\/es\\\/tours-berat\\\/#breadcrumb\"},\"inLanguage\":\"es\",\"potentialAction\":[{\"@type\":\"ReadAction\",\"target\":[\"https:\\\/\\\/tourberat.com\\\/es\\\/tours-berat\\\/\"]}]},{\"@type\":\"BreadcrumbList\",\"@id\":\"https:\\\/\\\/tourberat.com\\\/es\\\/tours-berat\\\/#breadcrumb\",\"itemListElement\":[{\"@type\":\"ListItem\",\"position\":1,\"name\":\"Home\",\"item\":\"https:\\\/\\\/tourberat.com\\\/es\\\/\"},{\"@type\":\"ListItem\",\"position\":2,\"name\":\"Recorridos\"}]},{\"@type\":\"WebSite\",\"@id\":\"https:\\\/\\\/tourberat.com\\\/es\\\/#website\",\"url\":\"https:\\\/\\\/tourberat.com\\\/es\\\/\",\"name\":\"Tour Berat en Espanol\",\"description\":\"Tour Berat es una empresa local en Berat especializada en ofrecer visitas guiadas en espa\u00f1ol, brindando experiencias aut\u00e9nticas y personalizadas para descubrir la historia, la cultura y las tradiciones de la ciudad de manera cercana y profesional.\",\"potentialAction\":[{\"@type\":\"SearchAction\",\"target\":{\"@type\":\"EntryPoint\",\"urlTemplate\":\"https:\\\/\\\/tourberat.com\\\/es\\\/?s={search_term_string}\"},\"query-input\":{\"@type\":\"PropertyValueSpecification\",\"valueRequired\":true,\"valueName\":\"search_term_string\"}}],\"inLanguage\":\"es\"}]}<\/script>\n<!-- \/ Yoast SEO plugin. -->","yoast_head_json":{"title":"Tours en Berat \u2013 Vive la ciudad con gu\u00eda local","description":"\u00danete a nuestros tours en Berat y vive visitas guiadas \u00fanicas. Explora historia, barrios tradicionales y el castillo con gu\u00eda local experto","robots":{"index":"index","follow":"follow","max-snippet":"max-snippet:-1","max-image-preview":"max-image-preview:large","max-video-preview":"max-video-preview:-1"},"canonical":"https:\/\/tourberat.com\/es\/tours-berat\/","og_locale":"es_ES","og_type":"article","og_title":"Tours en Berat \u2013 Vive la ciudad con gu\u00eda local","og_description":"\u00danete a nuestros tours en Berat y vive visitas guiadas \u00fanicas. Explora historia, barrios tradicionales y el castillo con gu\u00eda local experto","og_url":"https:\/\/tourberat.com\/es\/tours-berat\/","og_site_name":"Tour Berat en Espanol","article_modified_time":"2026-03-08T13:09:57+00:00","twitter_card":"summary_large_image","twitter_misc":{"Tiempo de lectura":"2 minutos"},"schema":{"@context":"https:\/\/schema.org","@graph":[{"@type":"WebPage","@id":"https:\/\/tourberat.com\/es\/tours-berat\/","url":"https:\/\/tourberat.com\/es\/tours-berat\/","name":"Tours en Berat \u2013 Vive la ciudad con gu\u00eda local","isPartOf":{"@id":"https:\/\/tourberat.com\/es\/#website"},"datePublished":"2017-01-15T11:17:52+00:00","dateModified":"2026-03-08T13:09:57+00:00","description":"\u00danete a nuestros tours en Berat y vive visitas guiadas \u00fanicas. Explora historia, barrios tradicionales y el castillo con gu\u00eda local experto","breadcrumb":{"@id":"https:\/\/tourberat.com\/es\/tours-berat\/#breadcrumb"},"inLanguage":"es","potentialAction":[{"@type":"ReadAction","target":["https:\/\/tourberat.com\/es\/tours-berat\/"]}]},{"@type":"BreadcrumbList","@id":"https:\/\/tourberat.com\/es\/tours-berat\/#breadcrumb","itemListElement":[{"@type":"ListItem","position":1,"name":"Home","item":"https:\/\/tourberat.com\/es\/"},{"@type":"ListItem","position":2,"name":"Recorridos"}]},{"@type":"WebSite","@id":"https:\/\/tourberat.com\/es\/#website","url":"https:\/\/tourberat.com\/es\/","name":"Tour Berat en Espanol","description":"Tour Berat es una empresa local en Berat especializada en ofrecer visitas guiadas en espa\u00f1ol, brindando experiencias aut\u00e9nticas y personalizadas para descubrir la historia, la cultura y las tradiciones de la ciudad de manera cercana y profesional.","potentialAction":[{"@type":"SearchAction","target":{"@type":"EntryPoint","urlTemplate":"https:\/\/tourberat.com\/es\/?s={search_term_string}"},"query-input":{"@type":"PropertyValueSpecification","valueRequired":true,"valueName":"search_term_string"}}],"inLanguage":"es"}]}},"jetpack_sharing_enabled":true,"_links":{"self":[{"href":"https:\/\/tourberat.com\/es\/wp-json\/wp\/v2\/pages\/4706","targetHints":{"allow":["GET"]}}],"collection":[{"href":"https:\/\/tourberat.com\/es\/wp-json\/wp\/v2\/pages"}],"about":[{"href":"https:\/\/tourberat.com\/es\/wp-json\/wp\/v2\/types\/page"}],"author":[{"embeddable":true,"href":"https:\/\/tourberat.com\/es\/wp-json\/wp\/v2\/users\/1"}],"replies":[{"embeddable":true,"href":"https:\/\/tourberat.com\/es\/wp-json\/wp\/v2\/comments?post=4706"}],"version-history":[{"count":3,"href":"https:\/\/tourberat.com\/es\/wp-json\/wp\/v2\/pages\/4706\/revisions"}],"predecessor-version":[{"id":6205,"href":"https:\/\/tourberat.com\/es\/wp-json\/wp\/v2\/pages\/4706\/revisions\/6205"}],"wp:attachment":[{"href":"https:\/\/tourberat.com\/es\/wp-json\/wp\/v2\/media?parent=4706"}],"curies":[{"name":"wp","href":"https:\/\/api.w.org\/{rel}","templated":true}]}}