{"id":2039,"date":"2016-06-11T14:25:44","date_gmt":"2016-06-11T14:25:44","guid":{"rendered":"http:\/\/demo.goodlayers.com\/infinite\/?page_id=2039"},"modified":"2026-03-23T12:50:43","modified_gmt":"2026-03-23T12:50:43","slug":"tour-berat","status":"publish","type":"page","link":"https:\/\/tourberat.com\/es\/","title":{"rendered":"Tour Berat"},"content":{"rendered":"","protected":false},"excerpt":{"rendered":"","protected":false},"author":1,"featured_media":0,"parent":0,"menu_order":0,"comment_status":"closed","ping_status":"closed","template":"","meta":{"footnotes":""},"class_list":["post-2039","page","type-page","status-publish","hentry"],"yoast_head":"<!-- This site is optimized with the Yoast SEO plugin v27.5 - https:\/\/yoast.com\/product\/yoast-seo-wordpress\/ -->\n<title>Free Tour Berat \u2013 El mejor tour gratuito en Berat<\/title>\n<meta name=\"description\" content=\"\u00danete al mejor Free Tour en Berat. Descubre el castillo, Mangalem y Gorica con un gu\u00eda local. Tambi\u00e9n ofrecemos tours privados y visitas guiadas.\" \/>\n<meta name=\"robots\" content=\"index, follow, max-snippet:-1, max-image-preview:large, max-video-preview:-1\" \/>\n<link rel=\"canonical\" href=\"https:\/\/tourberat.com\/es\/\" \/>\n<meta property=\"og:locale\" content=\"es_ES\" \/>\n<meta property=\"og:type\" content=\"article\" \/>\n<meta property=\"og:title\" content=\"Free Tour Berat \u2013 El mejor tour gratuito en Berat\" \/>\n<meta property=\"og:description\" content=\"\u00danete al mejor Free Tour en Berat. Descubre el castillo, Mangalem y Gorica con un gu\u00eda local. Tambi\u00e9n ofrecemos tours privados y visitas guiadas.\" \/>\n<meta property=\"og:url\" content=\"https:\/\/tourberat.com\/es\/\" \/>\n<meta property=\"og:site_name\" content=\"Tour Berat en Espanol\" \/>\n<meta property=\"article:modified_time\" content=\"2026-03-23T12:50:43+00:00\" \/>\n<meta name=\"twitter:card\" content=\"summary_large_image\" \/>\n<meta name=\"twitter:label1\" content=\"Tiempo de lectura\" \/>\n\t<meta name=\"twitter:data1\" content=\"5 minutos\" \/>\n<script type=\"application\/ld+json\" class=\"yoast-schema-graph\">{\"@context\":\"https:\\\/\\\/schema.org\",\"@graph\":[{\"@type\":\"WebPage\",\"@id\":\"https:\\\/\\\/tourberat.com\\\/es\\\/\",\"url\":\"https:\\\/\\\/tourberat.com\\\/es\\\/\",\"name\":\"Free Tour Berat \u2013 El mejor tour gratuito en Berat\",\"isPartOf\":{\"@id\":\"https:\\\/\\\/tourberat.com\\\/es\\\/#website\"},\"datePublished\":\"2016-06-11T14:25:44+00:00\",\"dateModified\":\"2026-03-23T12:50:43+00:00\",\"description\":\"\u00danete al mejor Free Tour en Berat. Descubre el castillo, Mangalem y Gorica con un gu\u00eda local. Tambi\u00e9n ofrecemos tours privados y visitas guiadas.\",\"breadcrumb\":{\"@id\":\"https:\\\/\\\/tourberat.com\\\/es\\\/#breadcrumb\"},\"inLanguage\":\"es\",\"potentialAction\":[{\"@type\":\"ReadAction\",\"target\":[\"https:\\\/\\\/tourberat.com\\\/es\\\/\"]}]},{\"@type\":\"BreadcrumbList\",\"@id\":\"https:\\\/\\\/tourberat.com\\\/es\\\/#breadcrumb\",\"itemListElement\":[{\"@type\":\"ListItem\",\"position\":1,\"name\":\"Home\",\"item\":\"https:\\\/\\\/tourberat.com\\\/es\\\/\"},{\"@type\":\"ListItem\",\"position\":2,\"name\":\"Tour Berat\"}]},{\"@type\":\"WebSite\",\"@id\":\"https:\\\/\\\/tourberat.com\\\/es\\\/#website\",\"url\":\"https:\\\/\\\/tourberat.com\\\/es\\\/\",\"name\":\"Tour Berat en Espanol\",\"description\":\"Tour Berat es una empresa local en Berat especializada en ofrecer visitas guiadas en espa\u00f1ol, brindando experiencias aut\u00e9nticas y personalizadas para descubrir la historia, la cultura y las tradiciones de la ciudad de manera cercana y profesional.\",\"potentialAction\":[{\"@type\":\"SearchAction\",\"target\":{\"@type\":\"EntryPoint\",\"urlTemplate\":\"https:\\\/\\\/tourberat.com\\\/es\\\/?s={search_term_string}\"},\"query-input\":{\"@type\":\"PropertyValueSpecification\",\"valueRequired\":true,\"valueName\":\"search_term_string\"}}],\"inLanguage\":\"es\"}]}<\/script>\n<!-- \/ Yoast SEO plugin. -->","yoast_head_json":{"title":"Free Tour Berat \u2013 El mejor tour gratuito en Berat","description":"\u00danete al mejor Free Tour en Berat. Descubre el castillo, Mangalem y Gorica con un gu\u00eda local. Tambi\u00e9n ofrecemos tours privados y visitas guiadas.","robots":{"index":"index","follow":"follow","max-snippet":"max-snippet:-1","max-image-preview":"max-image-preview:large","max-video-preview":"max-video-preview:-1"},"canonical":"https:\/\/tourberat.com\/es\/","og_locale":"es_ES","og_type":"article","og_title":"Free Tour Berat \u2013 El mejor tour gratuito en Berat","og_description":"\u00danete al mejor Free Tour en Berat. Descubre el castillo, Mangalem y Gorica con un gu\u00eda local. Tambi\u00e9n ofrecemos tours privados y visitas guiadas.","og_url":"https:\/\/tourberat.com\/es\/","og_site_name":"Tour Berat en Espanol","article_modified_time":"2026-03-23T12:50:43+00:00","twitter_card":"summary_large_image","twitter_misc":{"Tiempo de lectura":"5 minutos"},"schema":{"@context":"https:\/\/schema.org","@graph":[{"@type":"WebPage","@id":"https:\/\/tourberat.com\/es\/","url":"https:\/\/tourberat.com\/es\/","name":"Free Tour Berat \u2013 El mejor tour gratuito en Berat","isPartOf":{"@id":"https:\/\/tourberat.com\/es\/#website"},"datePublished":"2016-06-11T14:25:44+00:00","dateModified":"2026-03-23T12:50:43+00:00","description":"\u00danete al mejor Free Tour en Berat. Descubre el castillo, Mangalem y Gorica con un gu\u00eda local. Tambi\u00e9n ofrecemos tours privados y visitas guiadas.","breadcrumb":{"@id":"https:\/\/tourberat.com\/es\/#breadcrumb"},"inLanguage":"es","potentialAction":[{"@type":"ReadAction","target":["https:\/\/tourberat.com\/es\/"]}]},{"@type":"BreadcrumbList","@id":"https:\/\/tourberat.com\/es\/#breadcrumb","itemListElement":[{"@type":"ListItem","position":1,"name":"Home","item":"https:\/\/tourberat.com\/es\/"},{"@type":"ListItem","position":2,"name":"Tour Berat"}]},{"@type":"WebSite","@id":"https:\/\/tourberat.com\/es\/#website","url":"https:\/\/tourberat.com\/es\/","name":"Tour Berat en Espanol","description":"Tour Berat es una empresa local en Berat especializada en ofrecer visitas guiadas en espa\u00f1ol, brindando experiencias aut\u00e9nticas y personalizadas para descubrir la historia, la cultura y las tradiciones de la ciudad de manera cercana y profesional.","potentialAction":[{"@type":"SearchAction","target":{"@type":"EntryPoint","urlTemplate":"https:\/\/tourberat.com\/es\/?s={search_term_string}"},"query-input":{"@type":"PropertyValueSpecification","valueRequired":true,"valueName":"search_term_string"}}],"inLanguage":"es"}]}},"jetpack_sharing_enabled":true,"_links":{"self":[{"href":"https:\/\/tourberat.com\/es\/wp-json\/wp\/v2\/pages\/2039","targetHints":{"allow":["GET"]}}],"collection":[{"href":"https:\/\/tourberat.com\/es\/wp-json\/wp\/v2\/pages"}],"about":[{"href":"https:\/\/tourberat.com\/es\/wp-json\/wp\/v2\/types\/page"}],"author":[{"embeddable":true,"href":"https:\/\/tourberat.com\/es\/wp-json\/wp\/v2\/users\/1"}],"replies":[{"embeddable":true,"href":"https:\/\/tourberat.com\/es\/wp-json\/wp\/v2\/comments?post=2039"}],"version-history":[{"count":5,"href":"https:\/\/tourberat.com\/es\/wp-json\/wp\/v2\/pages\/2039\/revisions"}],"predecessor-version":[{"id":6336,"href":"https:\/\/tourberat.com\/es\/wp-json\/wp\/v2\/pages\/2039\/revisions\/6336"}],"wp:attachment":[{"href":"https:\/\/tourberat.com\/es\/wp-json\/wp\/v2\/media?parent=2039"}],"curies":[{"name":"wp","href":"https:\/\/api.w.org\/{rel}","templated":true}]}}