{"id":1964,"date":"2016-05-19T12:24:04","date_gmt":"2016-05-19T12:24:04","guid":{"rendered":"http:\/\/demo.goodlayers.com\/infinite\/homepages\/finance\/?page_id=1281"},"modified":"2026-03-08T17:11:39","modified_gmt":"2026-03-08T17:11:39","slug":"contacto-visitas-guiadas-berat","status":"publish","type":"page","link":"https:\/\/tourberat.com\/es\/contacto-visitas-guiadas-berat\/","title":{"rendered":"Contacto"},"content":{"rendered":"","protected":false},"excerpt":{"rendered":"","protected":false},"author":1,"featured_media":0,"parent":0,"menu_order":0,"comment_status":"closed","ping_status":"closed","template":"","meta":{"footnotes":""},"class_list":["post-1964","page","type-page","status-publish","hentry"],"yoast_head":"<!-- This site is optimized with the Yoast SEO plugin v27.5 - https:\/\/yoast.com\/product\/yoast-seo-wordpress\/ -->\n<title>Contacto | Visitas guiadas en Berat<\/title>\n<meta name=\"description\" content=\"Cont\u00e1ctanos para reservar visitas guiadas . Ll\u00e1manos, escr\u00edbenos por WhatsApp o env\u00edanos un email y te ayudaremos a planificar tu tour en la ciudad de Berat. \ud83c\udf0d\ud83d\udce9\ud83d\udcde\" \/>\n<meta name=\"robots\" content=\"index, follow, max-snippet:-1, max-image-preview:large, max-video-preview:-1\" \/>\n<link rel=\"canonical\" href=\"https:\/\/tourberat.com\/es\/contacto-visitas-guiadas-berat\/\" \/>\n<meta property=\"og:locale\" content=\"es_ES\" \/>\n<meta property=\"og:type\" content=\"article\" \/>\n<meta property=\"og:title\" content=\"Contacto | Visitas guiadas en Berat\" \/>\n<meta property=\"og:description\" content=\"Cont\u00e1ctanos para reservar visitas guiadas . Ll\u00e1manos, escr\u00edbenos por WhatsApp o env\u00edanos un email y te ayudaremos a planificar tu tour en la ciudad de Berat. \ud83c\udf0d\ud83d\udce9\ud83d\udcde\" \/>\n<meta property=\"og:url\" content=\"https:\/\/tourberat.com\/es\/contacto-visitas-guiadas-berat\/\" \/>\n<meta property=\"og:site_name\" content=\"Tour Berat en Espanol\" \/>\n<meta property=\"article:modified_time\" content=\"2026-03-08T17:11:39+00:00\" \/>\n<meta name=\"twitter:card\" content=\"summary_large_image\" \/>\n<meta name=\"twitter:label1\" content=\"Tiempo de lectura\" \/>\n\t<meta name=\"twitter:data1\" content=\"1 minuto\" \/>\n<script type=\"application\/ld+json\" class=\"yoast-schema-graph\">{\"@context\":\"https:\\\/\\\/schema.org\",\"@graph\":[{\"@type\":\"WebPage\",\"@id\":\"https:\\\/\\\/tourberat.com\\\/es\\\/contacto-visitas-guiadas-berat\\\/\",\"url\":\"https:\\\/\\\/tourberat.com\\\/es\\\/contacto-visitas-guiadas-berat\\\/\",\"name\":\"Contacto | Visitas guiadas en Berat\",\"isPartOf\":{\"@id\":\"https:\\\/\\\/tourberat.com\\\/es\\\/#website\"},\"datePublished\":\"2016-05-19T12:24:04+00:00\",\"dateModified\":\"2026-03-08T17:11:39+00:00\",\"description\":\"Cont\u00e1ctanos para reservar visitas guiadas . Ll\u00e1manos, escr\u00edbenos por WhatsApp o env\u00edanos un email y te ayudaremos a planificar tu tour en la ciudad de Berat. \ud83c\udf0d\ud83d\udce9\ud83d\udcde\",\"breadcrumb\":{\"@id\":\"https:\\\/\\\/tourberat.com\\\/es\\\/contacto-visitas-guiadas-berat\\\/#breadcrumb\"},\"inLanguage\":\"es\",\"potentialAction\":[{\"@type\":\"ReadAction\",\"target\":[\"https:\\\/\\\/tourberat.com\\\/es\\\/contacto-visitas-guiadas-berat\\\/\"]}]},{\"@type\":\"BreadcrumbList\",\"@id\":\"https:\\\/\\\/tourberat.com\\\/es\\\/contacto-visitas-guiadas-berat\\\/#breadcrumb\",\"itemListElement\":[{\"@type\":\"ListItem\",\"position\":1,\"name\":\"Home\",\"item\":\"https:\\\/\\\/tourberat.com\\\/es\\\/\"},{\"@type\":\"ListItem\",\"position\":2,\"name\":\"Contacto\"}]},{\"@type\":\"WebSite\",\"@id\":\"https:\\\/\\\/tourberat.com\\\/es\\\/#website\",\"url\":\"https:\\\/\\\/tourberat.com\\\/es\\\/\",\"name\":\"Tour Berat en Espanol\",\"description\":\"Tour Berat es una empresa local en Berat especializada en ofrecer visitas guiadas en espa\u00f1ol, brindando experiencias aut\u00e9nticas y personalizadas para descubrir la historia, la cultura y las tradiciones de la ciudad de manera cercana y profesional.\",\"potentialAction\":[{\"@type\":\"SearchAction\",\"target\":{\"@type\":\"EntryPoint\",\"urlTemplate\":\"https:\\\/\\\/tourberat.com\\\/es\\\/?s={search_term_string}\"},\"query-input\":{\"@type\":\"PropertyValueSpecification\",\"valueRequired\":true,\"valueName\":\"search_term_string\"}}],\"inLanguage\":\"es\"}]}<\/script>\n<!-- \/ Yoast SEO plugin. -->","yoast_head_json":{"title":"Contacto | Visitas guiadas en Berat","description":"Cont\u00e1ctanos para reservar visitas guiadas . Ll\u00e1manos, escr\u00edbenos por WhatsApp o env\u00edanos un email y te ayudaremos a planificar tu tour en la ciudad de Berat. \ud83c\udf0d\ud83d\udce9\ud83d\udcde","robots":{"index":"index","follow":"follow","max-snippet":"max-snippet:-1","max-image-preview":"max-image-preview:large","max-video-preview":"max-video-preview:-1"},"canonical":"https:\/\/tourberat.com\/es\/contacto-visitas-guiadas-berat\/","og_locale":"es_ES","og_type":"article","og_title":"Contacto | Visitas guiadas en Berat","og_description":"Cont\u00e1ctanos para reservar visitas guiadas . Ll\u00e1manos, escr\u00edbenos por WhatsApp o env\u00edanos un email y te ayudaremos a planificar tu tour en la ciudad de Berat. \ud83c\udf0d\ud83d\udce9\ud83d\udcde","og_url":"https:\/\/tourberat.com\/es\/contacto-visitas-guiadas-berat\/","og_site_name":"Tour Berat en Espanol","article_modified_time":"2026-03-08T17:11:39+00:00","twitter_card":"summary_large_image","twitter_misc":{"Tiempo de lectura":"1 minuto"},"schema":{"@context":"https:\/\/schema.org","@graph":[{"@type":"WebPage","@id":"https:\/\/tourberat.com\/es\/contacto-visitas-guiadas-berat\/","url":"https:\/\/tourberat.com\/es\/contacto-visitas-guiadas-berat\/","name":"Contacto | Visitas guiadas en Berat","isPartOf":{"@id":"https:\/\/tourberat.com\/es\/#website"},"datePublished":"2016-05-19T12:24:04+00:00","dateModified":"2026-03-08T17:11:39+00:00","description":"Cont\u00e1ctanos para reservar visitas guiadas . Ll\u00e1manos, escr\u00edbenos por WhatsApp o env\u00edanos un email y te ayudaremos a planificar tu tour en la ciudad de Berat. \ud83c\udf0d\ud83d\udce9\ud83d\udcde","breadcrumb":{"@id":"https:\/\/tourberat.com\/es\/contacto-visitas-guiadas-berat\/#breadcrumb"},"inLanguage":"es","potentialAction":[{"@type":"ReadAction","target":["https:\/\/tourberat.com\/es\/contacto-visitas-guiadas-berat\/"]}]},{"@type":"BreadcrumbList","@id":"https:\/\/tourberat.com\/es\/contacto-visitas-guiadas-berat\/#breadcrumb","itemListElement":[{"@type":"ListItem","position":1,"name":"Home","item":"https:\/\/tourberat.com\/es\/"},{"@type":"ListItem","position":2,"name":"Contacto"}]},{"@type":"WebSite","@id":"https:\/\/tourberat.com\/es\/#website","url":"https:\/\/tourberat.com\/es\/","name":"Tour Berat en Espanol","description":"Tour Berat es una empresa local en Berat especializada en ofrecer visitas guiadas en espa\u00f1ol, brindando experiencias aut\u00e9nticas y personalizadas para descubrir la historia, la cultura y las tradiciones de la ciudad de manera cercana y profesional.","potentialAction":[{"@type":"SearchAction","target":{"@type":"EntryPoint","urlTemplate":"https:\/\/tourberat.com\/es\/?s={search_term_string}"},"query-input":{"@type":"PropertyValueSpecification","valueRequired":true,"valueName":"search_term_string"}}],"inLanguage":"es"}]}},"jetpack_sharing_enabled":true,"_links":{"self":[{"href":"https:\/\/tourberat.com\/es\/wp-json\/wp\/v2\/pages\/1964","targetHints":{"allow":["GET"]}}],"collection":[{"href":"https:\/\/tourberat.com\/es\/wp-json\/wp\/v2\/pages"}],"about":[{"href":"https:\/\/tourberat.com\/es\/wp-json\/wp\/v2\/types\/page"}],"author":[{"embeddable":true,"href":"https:\/\/tourberat.com\/es\/wp-json\/wp\/v2\/users\/1"}],"replies":[{"embeddable":true,"href":"https:\/\/tourberat.com\/es\/wp-json\/wp\/v2\/comments?post=1964"}],"version-history":[{"count":5,"href":"https:\/\/tourberat.com\/es\/wp-json\/wp\/v2\/pages\/1964\/revisions"}],"predecessor-version":[{"id":6232,"href":"https:\/\/tourberat.com\/es\/wp-json\/wp\/v2\/pages\/1964\/revisions\/6232"}],"wp:attachment":[{"href":"https:\/\/tourberat.com\/es\/wp-json\/wp\/v2\/media?parent=1964"}],"curies":[{"name":"wp","href":"https:\/\/api.w.org\/{rel}","templated":true}]}}